{"id":110,"date":"2013-05-27T07:10:17","date_gmt":"2013-05-27T07:10:17","guid":{"rendered":"http:\/\/www.fidastreviso.it\/b\/?page_id=110"},"modified":"2025-09-23T18:27:32","modified_gmt":"2025-09-23T17:27:32","slug":"orari-centri-trasfusionali","status":"publish","type":"page","link":"https:\/\/www.fidastreviso.it\/b\/orari-centri-trasfusionali\/","title":{"rendered":"Orari centri trasfusionali"},"content":{"rendered":"<p><strong>Vittorio Veneto:<\/strong> luned\u00ec-venerd\u00ec, sabati primo e ultimo del mese, dalle 7.30 alle 9.15<br \/>\n<strong>Conegliano:<\/strong> luned\u00ec-venerd\u00ec, sabati esclusi primo e ultimo del mese, dalle 7.30 alle 9.30<\/p>\n<p>Si accede prioritariamente con <a href=\"https:\/\/www.fidastreviso.it\/b\/prenotazione\/\">prenotazione<\/a>, vengono gestiti al massimo 5 non prenotati al giorno.<\/p>\n","protected":false},"excerpt":{"rendered":"<p>Vittorio Veneto: luned\u00ec-venerd\u00ec, sabati primo e ultimo del mese, dalle 7.30 alle 9.15 Conegliano: luned\u00ec-venerd\u00ec, sabati esclusi primo e ultimo del mese, dalle 7.30 alle 9.30 Si accede prioritariamente con prenotazione, vengono gestiti al massimo 5 non prenotati al giorno.<\/p>\n","protected":false},"author":2,"featured_media":0,"parent":0,"menu_order":0,"comment_status":"open","ping_status":"closed","template":"","meta":{"_mi_skip_tracking":false,"footnotes":""},"_links":{"self":[{"href":"https:\/\/www.fidastreviso.it\/b\/wp-json\/wp\/v2\/pages\/110"}],"collection":[{"href":"https:\/\/www.fidastreviso.it\/b\/wp-json\/wp\/v2\/pages"}],"about":[{"href":"https:\/\/www.fidastreviso.it\/b\/wp-json\/wp\/v2\/types\/page"}],"author":[{"embeddable":true,"href":"https:\/\/www.fidastreviso.it\/b\/wp-json\/wp\/v2\/users\/2"}],"replies":[{"embeddable":true,"href":"https:\/\/www.fidastreviso.it\/b\/wp-json\/wp\/v2\/comments?post=110"}],"version-history":[{"count":10,"href":"https:\/\/www.fidastreviso.it\/b\/wp-json\/wp\/v2\/pages\/110\/revisions"}],"predecessor-version":[{"id":1078,"href":"https:\/\/www.fidastreviso.it\/b\/wp-json\/wp\/v2\/pages\/110\/revisions\/1078"}],"wp:attachment":[{"href":"https:\/\/www.fidastreviso.it\/b\/wp-json\/wp\/v2\/media?parent=110"}],"curies":[{"name":"wp","href":"https:\/\/api.w.org\/{rel}","templated":true}]}}