{"id":118,"date":"2013-05-27T13:30:12","date_gmt":"2013-05-27T13:30:12","guid":{"rendered":"http:\/\/www.fidastreviso.it\/b\/?page_id=118"},"modified":"2021-09-30T21:28:36","modified_gmt":"2021-09-30T20:28:36","slug":"ritornare-a-donare-dopo-2-anni","status":"publish","type":"page","link":"https:\/\/www.fidastreviso.it\/b\/ritornare-a-donare-dopo-2-anni\/","title":{"rendered":"Ritornare a donare dopo 2 anni"},"content":{"rendered":"<p>Il donatore periodico \u00e8 il donatore che ha donato almeno una volta ogni 2 anni. Se tra una donazione e l&#8217;altra trascorrono pi\u00f9 di 2 anni ci sono 2 conseguenze, la prima \u00e8 la <strong>perdita della qualifica di socio donatore<\/strong> e la seconda \u00e8 la <strong>non idoneit\u00e0 alla donazione<\/strong>.<\/p>\n<p>Per riabilitarvi sar\u00e0 necessario fissare un appuntamento in maniera analoga ai nuovi donatori, orario 9.30 9.50.<\/p>\n<p>Manda un whatsapp al 331 3313428 o contatta la tua <a href=\"https:\/\/www.fidastreviso.it\/b\/chi-siamo\/\">sezione<\/a>.<\/p>\n<p>&nbsp;<\/p>\n","protected":false},"excerpt":{"rendered":"<p>Il donatore periodico \u00e8 il donatore che ha donato almeno una volta ogni 2 anni. Se tra una donazione e l&#8217;altra trascorrono pi\u00f9 di 2 anni ci sono 2 conseguenze, la prima \u00e8 la perdita della qualifica di socio donatore e la seconda \u00e8 la non idoneit\u00e0 alla donazione. Per riabilitarvi sar\u00e0 necessario fissare un [&hellip;]<\/p>\n","protected":false},"author":2,"featured_media":0,"parent":0,"menu_order":0,"comment_status":"open","ping_status":"closed","template":"","meta":{"_mi_skip_tracking":false,"footnotes":""},"_links":{"self":[{"href":"https:\/\/www.fidastreviso.it\/b\/wp-json\/wp\/v2\/pages\/118"}],"collection":[{"href":"https:\/\/www.fidastreviso.it\/b\/wp-json\/wp\/v2\/pages"}],"about":[{"href":"https:\/\/www.fidastreviso.it\/b\/wp-json\/wp\/v2\/types\/page"}],"author":[{"embeddable":true,"href":"https:\/\/www.fidastreviso.it\/b\/wp-json\/wp\/v2\/users\/2"}],"replies":[{"embeddable":true,"href":"https:\/\/www.fidastreviso.it\/b\/wp-json\/wp\/v2\/comments?post=118"}],"version-history":[{"count":3,"href":"https:\/\/www.fidastreviso.it\/b\/wp-json\/wp\/v2\/pages\/118\/revisions"}],"predecessor-version":[{"id":859,"href":"https:\/\/www.fidastreviso.it\/b\/wp-json\/wp\/v2\/pages\/118\/revisions\/859"}],"wp:attachment":[{"href":"https:\/\/www.fidastreviso.it\/b\/wp-json\/wp\/v2\/media?parent=118"}],"curies":[{"name":"wp","href":"https:\/\/api.w.org\/{rel}","templated":true}]}}