{"id":248,"date":"2015-05-13T12:25:37","date_gmt":"2015-05-13T12:25:37","guid":{"rendered":"http:\/\/www.fidastreviso.it\/b\/?page_id=248"},"modified":"2025-09-20T10:55:39","modified_gmt":"2025-09-20T09:55:39","slug":"prenotazione","status":"publish","type":"page","link":"https:\/\/www.fidastreviso.it\/b\/prenotazione\/","title":{"rendered":"Prenotazione"},"content":{"rendered":"\n<div class=\"wp-block-group\"><div class=\"wp-block-group__inner-container is-layout-constrained wp-block-group-is-layout-constrained\">\n<div class=\"wp-block-group is-nowrap is-layout-flex wp-container-core-group-is-layout-2 wp-block-group-is-layout-flex\">\n<figure class=\"wp-block-image size-full is-resized\"><img loading=\"lazy\" decoding=\"async\" width=\"1156\" height=\"1280\" src=\"https:\/\/www.fidastreviso.it\/b\/wp-content\/uploads\/2025\/09\/calendar-5983133_1280.png\" alt=\"\" class=\"wp-image-1028\" style=\"width:200px\"\/><\/figure>\n\n\n\n<div class=\"wp-block-group\"><div class=\"wp-block-group__inner-container is-layout-constrained wp-block-group-is-layout-constrained\">\n<p><strong>Attenzione: la prenotazione self-service non \u00e8 pi\u00f9 disponibile a causa di limitazioni di sicurezza.<\/strong><\/p>\n\n\n\n<p>Nei prossimi mesi sar\u00e0 disponibile un nuovo portale di prenotazione.<\/p>\n<\/div><\/div>\n<\/div>\n<\/div><\/div>\n\n\n\n<div class=\"wp-block-group\"><div class=\"wp-block-group__inner-container is-layout-constrained wp-block-group-is-layout-constrained\">\n<p>Nel frattempo, la prenotazione deve essere effettuata tramite <strong>contatto telefonico o whatsapp<\/strong> ai numeri di seguito.<\/p>\n\n\n\n<p class=\"has-text-align-left\"><strong>Gruppo di Cordignano:<\/strong><\/p>\n\n\n\n<div class=\"wp-block-group is-nowrap is-layout-flex wp-container-core-group-is-layout-4 wp-block-group-is-layout-flex\">\n<p>+39 377 576 9132 (Franca)<\/p>\n\n\n\n<p>+39 329 023 1076 (Patrizia)<\/p>\n\n\n\n<p>+39 370 315 0067 (Stefano)<\/p>\n<\/div>\n\n\n\n<p><strong>Gruppo di Orsago:<\/strong><\/p>\n\n\n\n<div class=\"wp-block-group is-nowrap is-layout-flex wp-container-core-group-is-layout-5 wp-block-group-is-layout-flex\">\n<p>+39 347 165 2945 (Renata)<\/p>\n\n\n\n<p>+39 371 615 0620<\/p>\n<\/div>\n\n\n\n<p><\/p>\n\n\n\n<p>Ti arriver\u00e0 un SMS con i riferimenti di luogo ed ora della prenotazione.<\/p>\n<\/div><\/div>\n\n\n\n<p>Prima di entrare in Centro Trasfusionale <strong>prendi il numero elimina coda dell&#8217;ospedale<\/strong> (lo trovi al totem che si usa anche per esami e casse). Entrando in CT troverai un volontario associativo che ti consegner\u00e0 una cartella con un modulo da compilare.<strong> Compila i soli dati anagrafici ed aspetta di essere chiamato dalla segreteria<\/strong> con il numero. Successivamente potrai <strong>tornare al posto e completare il modulo<\/strong>.<\/p>\n\n\n\n<p>Se hai bisogno di altre informazioni siamo sempre <a href=\"https:\/\/www.fidastreviso.it\/b\/contatti\/\" data-type=\"page\" data-id=\"1012\">qui<\/a>.<\/p>\n","protected":false},"excerpt":{"rendered":"<p>Attenzione: la prenotazione self-service non \u00e8 pi\u00f9 disponibile a causa di limitazioni di sicurezza. Nei prossimi mesi sar\u00e0 disponibile un nuovo portale di prenotazione. Nel frattempo, la prenotazione deve essere effettuata tramite contatto telefonico o whatsapp ai numeri di seguito. Gruppo di Cordignano: +39 377 576 9132 (Franca) +39 329 023 1076 (Patrizia) +39 370 [&hellip;]<\/p>\n","protected":false},"author":1,"featured_media":0,"parent":0,"menu_order":0,"comment_status":"open","ping_status":"closed","template":"","meta":{"_mi_skip_tracking":false,"footnotes":""},"_links":{"self":[{"href":"https:\/\/www.fidastreviso.it\/b\/wp-json\/wp\/v2\/pages\/248"}],"collection":[{"href":"https:\/\/www.fidastreviso.it\/b\/wp-json\/wp\/v2\/pages"}],"about":[{"href":"https:\/\/www.fidastreviso.it\/b\/wp-json\/wp\/v2\/types\/page"}],"author":[{"embeddable":true,"href":"https:\/\/www.fidastreviso.it\/b\/wp-json\/wp\/v2\/users\/1"}],"replies":[{"embeddable":true,"href":"https:\/\/www.fidastreviso.it\/b\/wp-json\/wp\/v2\/comments?post=248"}],"version-history":[{"count":14,"href":"https:\/\/www.fidastreviso.it\/b\/wp-json\/wp\/v2\/pages\/248\/revisions"}],"predecessor-version":[{"id":1034,"href":"https:\/\/www.fidastreviso.it\/b\/wp-json\/wp\/v2\/pages\/248\/revisions\/1034"}],"wp:attachment":[{"href":"https:\/\/www.fidastreviso.it\/b\/wp-json\/wp\/v2\/media?parent=248"}],"curies":[{"name":"wp","href":"https:\/\/api.w.org\/{rel}","templated":true}]}}