{"id":589,"date":"2018-09-27T15:58:54","date_gmt":"2018-09-27T14:58:54","guid":{"rendered":"http:\/\/www.fidastreviso.it\/b\/?page_id=589"},"modified":"2019-03-27T23:16:29","modified_gmt":"2019-03-27T22:16:29","slug":"concorso-a-scuola-di-dono","status":"publish","type":"page","link":"https:\/\/www.fidastreviso.it\/b\/chi-siamo\/concorso-a-scuola-di-dono\/","title":{"rendered":"Concorso &#8220;A scuola di Dono&#8221;"},"content":{"rendered":"<p>Nell\u2019ambito delle iniziative che saranno realizzate in occasione del <strong>60mo anniversario di fondazione della FIDAS<\/strong> (Federazione Italiana Associazioni Donatori di sangue), \u00e8 indetta la <strong>I edizione del concorso scolastico nazionale \u201cA scuola di dono\u201d<\/strong>, rivolto a tutti gli allievi del primo e secondo ciclo di istruzione, al fine di promuovere la cultura del dono del sangue e degli emocomponenti.<\/p>\n<p>Lo scopo del concorso \u00e8 quello di sensibilizzare alunni, studenti e tutta la popolazione al tema del dono del sangue e dei suoi componenti attraverso l\u2019elaborazione di lavori artistici e\/o letterari.<\/p>\n<p>Il concorso si articola nelle seguenti sezioni: Sezione Scuola Primaria, Sezione Scuola secondaria di I grado, Sezione Scuola secondaria di II grado<\/p>\n<p><strong>&nbsp;<\/strong><\/p>\n<p><strong>Alle classi del primo ciclo di istruzione \u2013 scuola primaria \u2013<\/strong> \u00e8 proposto il seguente tema:&nbsp;<\/p>\n<p>La donazione del sangue \u00e8 un gesto di amore nei confronti di qualcuno che ha bisogno del nostro aiuto e che non conosciamo. Solo chi ha pi\u00f9 di 18 anni pu\u00f2 donare, ma tu puoi contribuire lanciando un messaggio importante. Scrivi un messaggio, nelle modalit\u00e0 che preferisci (disegno, fumetto, breve racconto), destinato alle persone che ancora non donano il sangue, per invitarle a fare qualcosa a favore delle persone ammalate che hanno bisogno di sangue<\/p>\n<p><strong>&nbsp;<\/strong><\/p>\n<p><strong>Alle classi del primo ciclo di istruzione \u2013 scuola secondaria di I grado \u2013<\/strong> \u00e8 proposto il seguente tema:&nbsp;<\/p>\n<p>La donazione del sangue non ha limiti determinati dallo stato sociale, dal luogo in cui si vive, dalle idee, dal credo religioso o dal colore della pelle. \u00c8 un gesto che ci unisce e ci rende tutti \u201cfratelli di sangue\u201d. Illustra\/sceneggia\/racconta una storia di solidariet\u00e0 sulla donazione del sangue che tenga in considerazione questi aspetti.<\/p>\n<p><strong>&nbsp;<\/strong><\/p>\n<p><strong>Alle classi del secondo ciclo di istruzione \u2013 scuola secondaria di II grado<\/strong> <strong>\u2013<\/strong> \u00e8 proposto il seguente tema:&nbsp;<\/p>\n<p>La donazione del sangue \u00e8 un gesto volontario, anonimo e gratuito, ma anche responsabile, perch\u00e9 richiede innanzitutto di prendersi cura di s\u00e9 stessi e del proprio stato di salute per poter essere di aiuto agli altri. Attraverso la modalit\u00e0 che ritieni pi\u00f9 idonea e rispondente al tuo percorso di studio (ricerca, saggio, articolo di giornale, rappresentazione teatrale, opera di pittura\/scultura, attivit\u00e0 musicale, cortometraggio, spot, campagna pubblicitaria, immagine, fotografia, utilizzando pi\u00f9 forme e canali espressivi, comprese le tecnologie informatiche a disposizione), presenta il legame tra la donazione del sangue e uno stile di vita sano che fa star bene chi lo segue e chi ha bisogno dell\u2019aiuto degli altri.<\/p>\n<p>&nbsp;<\/p>\n<p>&nbsp;<\/p>\n<p><strong>Si invitano i docenti e gli allievi a:<\/strong><\/p>\n<ul>\n<li>curare la rispondenza al tema del bando dei lavori presentati;<\/li>\n<li>partecipare al concorso preferibilmente (ma non in via esclusiva) con elaborati che siano espressione del lavoro collegiale, svolto da una classe o da pi\u00f9 classi;<\/li>\n<li>impostare il lavoro con originalit\u00e0 ed autonomia espressiva ed operativa;<\/li>\n<li>prevedere una durata massima di 15 minuti per filmati, video e riprese di rappresentazioni teatrali.<\/li>\n<\/ul>\n<p><strong>&nbsp;<\/strong><\/p>\n<p><strong>Si specifica che:<\/strong><\/p>\n<ul>\n<li>La partecipazione al concorso da parte del singolo, del gruppo o della classe implica l\u2019elaborazione di un solo prodotto.<\/li>\n<li>Non sono ammessi elaborati che utilizzino, in tutto o in parte, opere di terzi sulle quali non si possiedano i diritti di utilizzo.<\/li>\n<li>La giuria adotter\u00e0 propri criteri di valutazione e non potr\u00e0 comunque prescindere dal verificare che le opere siano conformi al regolamento del concorso ed al suo tema. La valutazione della giuria \u00e8 insindacabile e inappellabile.<\/li>\n<\/ul>\n<p><strong>&nbsp;<\/strong><\/p>\n<p><strong>Modalit\u00e0 di presentazione dei lavori, valutazione e premiazione dei vincitori <\/strong><\/p>\n<p>I partecipanti della provincia di Treviso potranno iscriversi al concorso <strong>entro il 31 gennaio 2019<\/strong> e dovranno inviare i lavori prodotti <strong>entro il 28 febbraio 2019<\/strong> all\u2019associazione FIDAS Treviso con sede in Piazza Oberdan 1\/A, 31010 ORSAGO TV, tel 3313313428, <a href=\"mailto:fidas@fidastreviso.it\">fidas@fidastreviso.it<\/a> \u2013 <a href=\"mailto:fidastreviso@pec.it\">fidastreviso@pec.it<\/a> . L\u2019associazione costituir\u00e0 una Commissione incaricata di individuare per ogni ciclo di studi (primaria, secondaria di I grado, secondaria di II grado) un lavoro ritenuto meritevole.<\/p>\n<p>Il vincitore della sezione \u201cprimo cliclo di istruzione \u2013 scuola primaria\u201d ricever\u00e0 da FIDAS Treviso un buono di euro 80,00 per l\u2019acquisto di materiale scolastico.<\/p>\n<p>I vincitori delle altre sezioni riceveranno da FIDAS Treviso un buono di euro 100,00 ciascuno per l\u2019acquisto di materiale scolastico.<\/p>\n<p>&nbsp;<\/p>\n<p><strong>Concorso FIDAS nazionale<\/strong><\/p>\n<p>FIDAS Treviso inoltrer\u00e0 i lavori risultati vincitori del concorso, <strong>entro il 20 marzo 2019<\/strong>, alla sede nazionale FIDAS, Piazza Margana 19, 00186 Roma, tel. 06-68891457, <a href=\"mailto:fidas@fidas.it\">fidas@fidas.it<\/a> \u2013 <a href=\"mailto:fidasnazionale@legalmail.it\">fidasnazionale@legalmail.it<\/a>, per concorrere alla premiazione nazionale che si svolger\u00e0 a Matera<strong> venerd\u00ec 26 aprile 2019<\/strong> .<\/p>\n<p>Come pubblicato nel numero 3\/2018 di Noi in FIDAS, i vincitori delle tre sezioni riceveranno un buono di euro 500,00 ciascuno per l\u2019acquisto di materiale didattico e avranno la possibilit\u00e0 di trascorrere una giornata alla scoperta della capitale europea della cultura 2019. Per maggiori dettagli sulla parte nazionale del concorso e delle sue modalit\u00e0 di premiazione si invita a fare riferimento alla FIDAS nazionale.<\/p>\n\n\n<p>Foto dei lavori: <a href=\"https:\/\/photos.app.goo.gl\/FsvMgfjgcJYKGskr5\">https:\/\/photos.app.goo.gl\/FsvMgfjgcJYKGskr5<\/a><\/p>\n","protected":false},"excerpt":{"rendered":"<p>Nell\u2019ambito delle iniziative che saranno realizzate in occasione del 60mo anniversario di fondazione della FIDAS (Federazione Italiana Associazioni Donatori di sangue), \u00e8 indetta la I edizione del concorso scolastico nazionale \u201cA scuola di dono\u201d, rivolto a tutti gli allievi del primo e secondo ciclo di istruzione, al fine di promuovere la cultura del dono del [&hellip;]<\/p>\n","protected":false},"author":1,"featured_media":0,"parent":33,"menu_order":0,"comment_status":"closed","ping_status":"closed","template":"","meta":{"_mi_skip_tracking":false,"footnotes":""},"_links":{"self":[{"href":"https:\/\/www.fidastreviso.it\/b\/wp-json\/wp\/v2\/pages\/589"}],"collection":[{"href":"https:\/\/www.fidastreviso.it\/b\/wp-json\/wp\/v2\/pages"}],"about":[{"href":"https:\/\/www.fidastreviso.it\/b\/wp-json\/wp\/v2\/types\/page"}],"author":[{"embeddable":true,"href":"https:\/\/www.fidastreviso.it\/b\/wp-json\/wp\/v2\/users\/1"}],"replies":[{"embeddable":true,"href":"https:\/\/www.fidastreviso.it\/b\/wp-json\/wp\/v2\/comments?post=589"}],"version-history":[{"count":2,"href":"https:\/\/www.fidastreviso.it\/b\/wp-json\/wp\/v2\/pages\/589\/revisions"}],"predecessor-version":[{"id":663,"href":"https:\/\/www.fidastreviso.it\/b\/wp-json\/wp\/v2\/pages\/589\/revisions\/663"}],"up":[{"embeddable":true,"href":"https:\/\/www.fidastreviso.it\/b\/wp-json\/wp\/v2\/pages\/33"}],"wp:attachment":[{"href":"https:\/\/www.fidastreviso.it\/b\/wp-json\/wp\/v2\/media?parent=589"}],"curies":[{"name":"wp","href":"https:\/\/api.w.org\/{rel}","templated":true}]}}