{"id":667,"date":"2019-04-02T16:18:41","date_gmt":"2019-04-02T15:18:41","guid":{"rendered":"http:\/\/www.fidastreviso.it\/b\/?page_id=667"},"modified":"2019-04-02T16:18:42","modified_gmt":"2019-04-02T15:18:42","slug":"criteri-di-sospensione","status":"publish","type":"page","link":"https:\/\/www.fidastreviso.it\/b\/criteri-di-sospensione\/","title":{"rendered":"Criteri di sospensione"},"content":{"rendered":"\n<p>Purtroppo non sempre si pu\u00f2 donare il sangue. Esistono alcune&nbsp;<strong>condizioni per cui non \u00e8 possibile donare<\/strong>(in alcuni casi per un periodo temporaneo, in altri casi in modo permanente).<\/p>\n\n\n\n<p>Questo \u00e8 previsto dalla legge per la tutela stessa del Donatore di Sangue ma anche per tutelare chi ricever\u00e0 il sangue donato.<\/p>\n\n\n\n<p>L&#8217;elenco che segue riporta&nbsp;le&nbsp;<strong>condizioni che prevedono la sospensione<\/strong>&nbsp;dalla donazione e il&nbsp;<strong>periodo che deve trascorrere prima di poter riprendere a donare<\/strong>: un piccolo vademecum per evitare di presentarsi inutilmente al Centro Trasfusionale.<\/p>\n\n\n\n<p><strong>ATTENZIONE<\/strong><em>: per poter donare&nbsp;<\/em><strong><em>il periodo indicato deve essere completamente trascorso<\/em><\/strong><em>. Ad esempio, se sono indicate 48 ore (2 giorni) non \u00e8 possibile presentarsi il secondo giorno, perch\u00e8 le 48 ore devono essere completamente trascorse e quindi sar\u00e0 possibile donare solo a partire dal terzo giorno.<\/em><\/p>\n\n\n\n<h2 class=\"wp-block-heading\"><strong>GRAVIDANZA<\/strong><\/h2>\n\n\n\n<ul><li><strong>Gravidanza<\/strong>:&nbsp; \u00e8 possibile riprendere a donare trascorso 6 mesi dopo il parto<\/li><li><strong>Interruzione di gravidanza<\/strong>: trascorsi 6 mesi dopo l\u2019interruzione di gravidanza<\/li><\/ul>\n\n\n\n<h2 class=\"wp-block-heading\"><strong>FRATTURE<\/strong><\/h2>\n\n\n\n<p>La sospensione dura fino a completa guarigione, poi \u00e8 possibile riprendere a donare<\/p>\n\n\n\n<h2 class=\"wp-block-heading\"><strong>INTERVENTI CHIRURGICI<\/strong><\/h2>\n\n\n\n<ul><li><strong>Interventi chirurgici minori<\/strong>&nbsp;<em>(cisti, lipomi, punti di sutura, tunnel carpale, dito a scatto, piccoli interventi di chirurgia estetica, piccoli interventi oculistici, asportazioni nevi (per i quali \u00e8 necessaria per\u00f2 valutazione dell\u2019esito dell\u2019esame istologico), asportazione verruche, asportazione calazio, interventi oculari con laser, stripping safena)<\/em>: \u00e8 possibile donare dopo completa guarigione delle ferita, ma in caso di terapia antibiotica devono essere trascorsi almeno 15 giorni dalla fine dell\u2019assunzione della terapia<\/li><li><strong>Intervento chirurgico maggiore<\/strong>&nbsp;<em>(es. su cavit\u00e0 toracica e\/o addominale, sistema nervoso centrale e apparato muscolo-scheletrico)<\/em>: devono essere trascorsi 4 mesi dall\u2019intervento<\/li><li><strong>Interventi chirurgici odontoiatrici<\/strong>&nbsp;<em>(intervento chirurgico preprotesico, intervento di implantologia e trapiantologia, innesto di tessuto osseo)<\/em>: devono essere trascorsi&nbsp; 4 mesi dall\u2019intervento<\/li><\/ul>\n\n\n\n<h2 class=\"wp-block-heading\"><strong>CURE ODONTOIATRICHE<\/strong><\/h2>\n\n\n\n<ul><li><strong>Medicazioni, otturazioni, pulizia dei denti<\/strong>: &nbsp;devono essere trascorse 48 ore, ma in caso di terapia antibiotica, devono essere trascorsi almeno 15 giorni dalla fine dell\u2019assunzione della terapia<\/li><li><strong>Devitalizzazione, estrazione della radice dentaria, estrazione e riparazione dentaria, terapia canalare<\/strong>: deve essere trascorsa una settimana, ma in caso di terapia antibiotica devono essere trascorsi almeno 15 giorni dalla fine dell\u2019assunzione della terapia<\/li><\/ul>\n\n\n\n<h2 class=\"wp-block-heading\"><strong>STILI DI VITA<\/strong><\/h2>\n\n\n\n<ul><li><strong>Comportamento sessuale<\/strong><ul><li>Persone il cui comportamento sessuale le ha esposte occasionalmente a rischio di trasmissione di malattie infettive:&nbsp; devono essere trascorsi 4 mesi dall\u2019ultimo rapporto<\/li><li>Persone il cui comportamento sessuale abituale le espone ad alto rischio di contrarre malattie infettive trasmissibili con il sangue: esclusione permanente dalla donazione<\/li><li>Rapporti sessuali con persone infette o a rischio di infezione da epatite B, epatite C, AIDS:&nbsp; devono essere trascorsi 4 mesi dall\u2019ultimo rapporto<\/li><li>Partner sessuali di persone &nbsp;risultate positive ai test per epatite C e\/o epatite B (anche se vaccinati) e\/o per l\u2019AIDS: devono essere trascorsi 4 mesi dall\u2019ultima esposizione<\/li><li>Convivenza prolugata e abituale (anche se vaccinati) con persone affette da epatite B e\/o C . sospensione e riammissione dopo 4 mesi dalla cessazione della convivenza<\/li><\/ul><\/li><li><strong>Alcolismo cronico<\/strong>: Esclusione permanente dalla donazione<\/li><\/ul>\n\n\n\n<h2 class=\"wp-block-heading\"><strong>VIAGGI<\/strong><\/h2>\n\n\n\n<ul><li><strong>Viaggi in zone endemiche per malattie tropicali<\/strong>: \u00e8 possibile donare trascorsi 6 mesi dal rientro (vedi il link&nbsp;<a href=\"http:\/\/inviaggio.simti.it\/\">\u201cil donatore che viaggia\u201d<\/a>)<\/li><li><strong>Malaria<\/strong>:<ul><li>Visitatori asintomatici di zone endemiche malariche in assenza di episodi febbrili possono donare globuli rossi o piastrine una volta trascorsi 12 mesi dal rientro. E&#8217; invece ammessa la donazione di plasma (vedi il link&nbsp;<a href=\"http:\/\/inviaggio.simti.it\/\">\u201cil donatore che viaggia\u201d<\/a>)<\/li><li>Le persone che sono vissute in zona malarica nei primi 5 anni di vita o per 5 anni consecutivi &nbsp;possono donare sangue intero, emazie e piastrine solo una volta trascorsi pi\u00f9 di 3 anni dal ritorno dall\u2019ultima visita in zona endemica, a condizione che la persona resti asintomatica. \u00c8 ammessa invece la donazione di plasma senza sospensione<\/li><li>Le persone che hanno contratto la malaria possono donare solo il plasma e solo una volta completamente guarite<\/li><li><strong>Encefalopatia Spongiforme Trasmissibile (TSE)<\/strong>&nbsp;<em>(es. Morbo di Creutzfeldt-Jakob, nuova variante del Morbo di Creutzfeldt-jakob)<\/em><ul><li>Persone che hanno soggiornato nel periodo dal 1980 al 1996 per pi\u00f9 di 6 mesi cumulativi nel Regno Unito: esclusione permanente dalla donazione<\/li><li>Persone che hanno ricevuto trasfusioni allogeniche nel Regno Unito dopo il 1980: esclusione permanente dalla donazione<\/li><\/ul><\/li><\/ul><\/li><\/ul>\n\n\n\n<h2 class=\"wp-block-heading\"><strong>CONVIVENZA CON ALTRE PERSONE CHE COMPORTANO UN POTENZIALE RISCHIO INFETTIVO<\/strong><\/h2>\n\n\n\n<ul><li>Stretto contatto domestico con persone affette da epatite B: devono essere trascorsi &nbsp;4 mesi dall\u2019ultima esposizione al rischio<\/li><li>Conviventi con persone &nbsp;HBsAg e\/o HCV positivi (anche se vaccinati): non idonei alla donazione. Potranno donare 4 mesi dopo la fine di tale convivenza<\/li><\/ul>\n\n\n\n<h2 class=\"wp-block-heading\"><strong>FARMACI<\/strong><\/h2>\n\n\n\n<p>La tempistica indicata pu\u00f2 variare perch\u00e9 la valutazione dell\u2019idoneit\u00e0 alla donazione \u00e8 condizionata dal motivo per cui si assumono i farmaci. Consultare il medico per indicazioni pi\u00f9 approfondite.<\/p>\n\n\n\n<ul><li><strong>Antibiotici<\/strong>: devono essere trascorsi 15 giorni dall\u2019ultima assunzione<\/li><li><strong>Cortisonici<\/strong>: devono essere trascorsi 15 giorni dall\u2019ultima assunzione<\/li><li><strong>Antinfiammatori<\/strong>: le donazioni di piastrine sono sospese per 7 giorni dal termine della terapia. Le altre donazioni son consentite<\/li><li><strong>Antiaritmici<\/strong>: la donazione \u00e8 sospesa finch\u00e9 perdurano le condizioni che ne hanno determinato l\u2019assunzione<ul><li><strong>Antipertensivi<\/strong>: \u00e8 necessario consultare il medico per una valutazione della situazione cardiologica e del compenso dello stato ipertensivo<\/li><li><strong>Psicofarmaci<\/strong>&nbsp;(<strong>esclusi gli ansiolitici<\/strong>&nbsp;che consentono la donazione): non \u00e8 possibile donare durante l\u2019assunzione, si pu\u00f2 riprendere al termine dell\u2019assunzione ma previa valutazione medica<\/li><li><strong>Finasteride<\/strong>: devono essere trascorsi due mesi dal termine della terapia<\/li><li><strong>Retinoidi<\/strong>&nbsp;per il trattamento della psoriasi (Neutigason): esclusione permanente dalla donazione<\/li><li><strong>Stupefacenti<\/strong>: assunti per endovena comportano l\u2019esclusione definitiva. Se assunti&nbsp; per via non endovenosa la possibilit\u00e0 di donare sar\u00e0 valutata nel corso di un approfondito colloquio medico.<\/li><li><strong>Allergia a farmaci che<\/strong><strong>&nbsp;si \u00e8 manifestata in forma grave a seguito dell\u2019assunzione<\/strong>: \u00e8 possibile donare trascorso 1 anno dall\u2019ultima assunzione<\/li><\/ul><\/li><\/ul>\n\n\n\n<h2 class=\"wp-block-heading\"><strong>VACCINAZIONI<\/strong><\/h2>\n\n\n\n<ul><li><strong>Con virus o batteri vivi attenuati<\/strong><em>(BCG, parotite, polio con Sabin, febbre gialla, tifo, morbillo, rosolia, vaiolo, varicella-zoster, botulino)<\/em>: devono essere trascorse 4 settimane<\/li><li><strong>Con virus, batteri o rickettsie inattivati\/uccisi<\/strong><em>(carbonchio, colera, influenza, difterite, polio con salk, tetano, febbre montagne rocciose, pertosse, meningite, peste)<\/em>: devono essere trascorse 48 ore<\/li><li><strong>Antitetanica<\/strong>: devono essere trascorse 48 ore<\/li><li><strong>Vaccini dell\u2019epatite A<\/strong>: devono essere trascorse 48 ore<\/li><li><strong>Vaccini dell\u2019epatite B:&nbsp;<\/strong>devono essere trascorsi 7 giorni<\/li><li><strong>Rabbia<\/strong>: devono essere trascorse 48 ore. Se il vaccino \u00e8 stato somministrato dopo l\u2019esposizione, sar\u00e0 possibile donare solo una volta trascorso 1 anno<\/li><li><strong>Vaccini dell\u2019encefalite da zecche<\/strong>: devono essere trascorse 48 ore. Se per\u00f2 il vaccino \u00e8 stato somministrato dopo essere stati esposti alla puntura, sar\u00e0 possibile donare solo una volta trascorso 1 anno<\/li><li><strong>Terapia desensibilizzante<\/strong>: devono essere trascorse 72 ore dall\u2019ultima somministrazione<\/li><\/ul>\n\n\n\n<h2 class=\"wp-block-heading\"><strong>ALLERGIE<\/strong><\/h2>\n\n\n\n<ul><li><strong>Asintomatiche o con sintomatologia lieve<\/strong>: \u00e8 possibile donare<\/li><li><strong>Con sintomatologia importante<\/strong>: sospensione della donazione nel periodo sintomatico ed eventuale ripresa dopo valutazione del medico<\/li><li><strong>Eczema nel punto dove viene effettuato il prelievo<\/strong>: \u00e8 possibile donare una volta guariti completamente<\/li><li><strong>Allergia a farmaci o alimenti<\/strong>&nbsp;che si sia manifestata in forma grave a seguito dell\u2019assunzione: \u00e8 possibile donare trascorso 2 mesi dall\u2019ultima assunzione<\/li><li><strong>Shock anafilattico<\/strong>: sospensione definitiva<\/li><\/ul>\n\n\n\n<h2 class=\"wp-block-heading\"><strong>PATOLOGIE<\/strong><\/h2>\n\n\n\n<ul><li><strong>Amebiasi, schistosomiasi, encefalite da arbovirus<\/strong>: esclusione permanente dalla donazione<\/li><li><strong>Babesiosi<\/strong>: esclusione permanente dalla donazione<\/li><li><strong>Broncopneumopatie<\/strong>&nbsp;<strong>acute<\/strong>: \u00e8 possibile donare trascorso un mese dalla cessazione dei sintomi e\/o dalla terapia<\/li><li><strong>Brucellosi<\/strong>: \u00e8 possibile donare trascorsi 2 anni dalla completa guarigione<\/li><li><strong>Diabete<\/strong>&nbsp;<strong>in trattamento con insulina<\/strong>: esclusione permanente dalla donazione<\/li><li><strong>Emorragie o Coagulopatie<\/strong>&nbsp;(tendenza anomala all\u2019emorragia e antecedenti di coagulopatia congenita o acquisita importante): esclusione permanente dalla donazione<\/li><li><strong>Encefalopatia Spongiforme Trasmissibile (TSE)<\/strong>&nbsp;<em>(es. Morbo di Creutzfeldt-Jakob, nuova variante del Morbo di Creutzfeldt-jakob)<\/em><ul><li>Persone con antecedenti medici o familiari che comportano un rischio di contrarre TSE, compresi donatori che hanno subito un trapianto della cornea e\/o della dura madre e\/o che in passato sono stati curati con medicinali estratti da ghiandola pituitaria umana: esclusione permanente dalla donazione<\/li><li>Candidati donatori che hanno soggiornato nel periodo dal 1980 al 1996 per pi\u00f9 di 6 mesi cumulativi nel Regno Unito: esclusione permanente dalla donazione<\/li><li>Candidati donatori che hanno ricevuto trasfusioni allogeniche nel Regno Unito dopo il 1980: esclusione permanente dalla donazione&#8221;<\/li><\/ul><\/li><\/ul>\n\n\n\n<ul><li><strong>Epatite A<\/strong>: \u00e8 possibile donare trascorsi 4 mesi dalla completa guarigione<\/li><li><strong>Epatite B<\/strong>: esclusione permanente dalla donazione<\/li><li><strong>Epatite C<\/strong>: esclusione permanente dalla donazione<\/li><li><strong>Epatite ad eziologia indeterminata<\/strong>: esclusione permanente dalla donazione<\/li><li><strong>Febbre Q<\/strong>: \u00e8 possibile donare trascorsi 2 anni dalla completa guarigione<\/li><li><strong>Febbre Reumatica<\/strong>: \u00e8 possibile donare trascorsi 2 anni dalla completa guarigione<\/li><li><strong>Filariosi<\/strong>: esclusione permanente dalla donazione<\/li><li><strong>Glomerulonefrite<\/strong><strong>acuta<\/strong>: \u00e8 possibile donare trascorsi 5 anni dalla completa guarigione<\/li><li><strong>Gravi affezioni attive, croniche o recidivanti gastrointestinali<\/strong><em>(colite ulcerosa, morbo di Crohn)<\/em>,&nbsp;<strong>epatiche, urogenitali, renali, metaboliche, respiratorie<\/strong><em>(sarcoidosi)<\/em>,&nbsp;<strong>immunologiche, ematologiche o endocrinopatie<\/strong>: esclusione permanente dalla donazione<\/li><li><strong>Herpes simplex<\/strong>: \u00e8 possibile donare solo dopo completa guarigione delle lesioni<\/li><li><strong>Herpes zoster<\/strong>: \u00e8 possibile donare trascorse 2 settimane dalla la guarigione<\/li><li><strong>HIV 1-2<\/strong>: esclusione permanente dalla donazione<\/li><li><strong>HTLV I\/II<\/strong>: esclusione permanente dalla donazione<\/li><li><strong>Influenza<\/strong>&nbsp;(affezioni di tipo influenzale): \u00e8 possibile donare trascorsi 2 settimane dalla completa guarigione<\/li><li><strong>Ipotiroidismo<\/strong>&nbsp;ben compensato con terapia sostitutiva continua: \u00e8 possibile donare senza sospensione<\/li><li><strong>Kala Azar (Leishmaniosi viscerale)<\/strong>: esclusione permanente dalla donazione:<\/li><li><strong>Lebbra<\/strong>: esclusione permanente dalla donazione<\/li><li><strong>Malaria<\/strong>: sospensione di 6 mesi dalla cessazione dei sintomi e dalla sospensione della terapia<\/li><li><strong>Malattia dl Lyme<\/strong>&nbsp;\u00e8 possibile donare trascorsi 12 mesi dalla completa guarigione<\/li><li><strong>Malattie autoimmuni&nbsp;<\/strong>(ad interessamento di un solo organo): idoneit\u00e0 alla donazione<\/li><li><strong>Malattia celiaca<\/strong>&nbsp;non comporta sospensione, purch\u00e9 il donatore segua una dieta priva di glutine<\/li><li><strong>Malattie cardiovascolari<\/strong><em>(coronaropatie, angina pectoris, cardiopatie e aritmie gravi, vasculopatie, trombosi venose o arteriose ricorrenti, sindrome di Wolf Parkinson White)<\/em>: Esclusione permanente dalla donazione<\/li><li><strong>Malattie organiche del sistema nervoso centrale<\/strong>: (antecedenti di gravi malattie organiche del sistema nervoso centrale, neuropatie sistemiche, patologie degenerative o vascolari, psicosi, demenza, nevrosi gravi, neurochirgia del Sistema Nervoso Centrale, traumi cranici con stati di coma, epilessie e malattie convulsive in et\u00e0 adulta, rilievo anamnestico di epilessia in et\u00e0 infantile senza guarigione completa episodi reiterati di sincope\/svenimenti) esclusione permanente dalla donazione. Si fa &nbsp;eccezione per convulsioni febbrili infantili se non pi\u00f9 ripetute, convulsioni per le quali sono trascorsi 3 anni dall\u2019ultima terapia anticonvulsiva senza ricadute e nel trauma cranico non complicato, anche se seguito da breve ricovero, che richiedono comunque una attenta valutazione medica.<\/li><li><strong>Convulsioni febbrili infantili<\/strong>&nbsp;se non pi\u00f9 ripetute, convulsioni per le quali sono trascorsi 3 anni dall\u2019ultima terapia anticonvulsiva senza ricadute e nel trauma cranico non complicato, anche se seguito da breve ricovero: nessuna sospensione<\/li><li><strong>Mononucleosi<\/strong>&nbsp;infettiva: \u00e8 possibile donare trascorsi 6 mesi dalla completa guarigione<\/li><li><strong>Neoplasie o malattie maligne<\/strong>: esclusione permanente dalla donazione<\/li><li><strong>Osteomielite<\/strong>: \u00e8 possibile donare trascorsi 2 anni dalla completa guarigione<\/li><li><strong>Pneumotorace<\/strong><strong>spontaneo<\/strong>: \u00e8 possibile donare trascorsi 4 mesi dalla completa guarigione previa valutazione specialistica<\/li><li><strong>Pneumotorace traumatico<\/strong>: \u00e8 possibile donare trascorsi 4 mesi dalla completa guarigione<\/li><li><strong>Psoriasi cutanea&nbsp;<\/strong><strong>con danno d\u2019organo<\/strong>: esclusione permanente dalla donazione<\/li><li><strong>Psoriasi<\/strong><strong>cutanea senza danno d\u2019organo<\/strong>: idoneit\u00e0<\/li><li><strong>Sifilide<\/strong>: esclusione permanente dalla donazione<\/li><li><strong>Toxoplasmosi<\/strong>: \u00e8 possibile donare trascorsi 6 mesi dalla completa guarigione<\/li><li><strong>Tripanosoma Cruzi (M. di Chagas)<\/strong>: esclusione permanente dalla donazione<\/li><li><strong>Tubercolosi<\/strong>: \u00e8 possibile donare trascorsi 2 anni dalla completa guarigione<\/li><li><strong>Vitiligo cutanea<\/strong>: idoneit\u00e0<\/li><\/ul>\n\n\n\n<h2 class=\"wp-block-heading\"><strong>AGOPUNTURA<\/strong><\/h2>\n\n\n\n<ul><li>se non eseguita da professionisti qualificati con ago usa e getta: \u00e8 possibile donare trascorsi 4 mesi dalla seduta<\/li><\/ul>\n\n\n\n<h2 class=\"wp-block-heading\"><strong>TATUAGGI O BODY PIERCING FORATURA DELLE ORECCHIE<br><\/strong><\/h2>\n\n\n\n<p>\u00c8 possibile donare trascorsi 4 mesi dall\u2019ultima seduta<\/p>\n\n\n\n<h2 class=\"wp-block-heading\"><strong>PUNTURE DI ZECCA<\/strong><\/h2>\n\n\n\n<ul><li>\u00c8 possibile donare trascorsi 3 mesi dalla completa guarigione.<\/li><li>Se sottoposti a Vaccini dell\u2019encefalite da zecche: nessuna sospensione. Se per\u00f2 il vaccino \u00e8 stato somministrato dopo essere stati esposti alla puntura, sar\u00e0 possibile donare solo dopo 12 mesi<\/li><\/ul>\n\n\n\n<h2 class=\"wp-block-heading\"><strong>SITUAZIONI CHE COMPORTANO IL RISCHIO DI CONTRARRE UN\u2019INFEZIONE TRASMISSIBILE CON IL SANGUE<\/strong><\/h2>\n\n\n\n<ul><li><strong>Esame endoscopico con strumenti flessibili<\/strong>: \u00e8 possibile donare trascorsi 4 mesi dall\u2019ultimo esame<\/li><li><strong>Spruzzi delle mucose con sangue o lesioni da ago<\/strong>: \u00e8 possibile donare trascorsi 4 mesi dall\u2019ultima esposizione al rischio<\/li><li><strong>Contatto con liquidi biologici<\/strong>: \u00e8 possibile donare trascorsi 4 mesi dall\u2019ultima esposizione al rischio, previa consultazione con &nbsp;il medico<\/li><li><strong>Trasfusioni di emocomponenti o infusioni di plasma derivati<\/strong>: \u00e8 possibile donare trascorsi 4 mesi dall\u2019ultima esposizione al rischio, ma prima di riprendere a donare \u00e8 necessario consultare il medico per considerare in quale paese \u00e8 stato trasfuso, viste alcune particolari endemie presenti che controindicano &nbsp;l\u2019idoneit\u00e0 alla donazione di &nbsp;sangue ed emocomponenti<\/li><li><strong>Trapianto di tessuti o cellule di origine umana<\/strong>: \u00e8 possibile donare trascorsi 4 mesi dall\u2019ultima esposizione al rischio<\/li><\/ul>\n\n\n\n<h2 class=\"wp-block-heading\">INTERVALLI DI TEMPO MINIMI TRA UNA DONAZIONE E L&#8217;ALTRA<\/h2>\n\n\n\n<p>Oltre alle condizioni sopra elencate, a seconda del tipo di donazione, sono previsti anche degli&nbsp;<a href=\"https:\/\/www.aulss8.veneto.it\/allegati\/1536-INFO_DIMT_02_rev_2_Intervalli_di_donazione.pdf\"><strong>intervalli di tempo minimi<\/strong>&nbsp;che \u00e8 necessario lasciar trascorrere&nbsp;<strong>tra una donazione e l&#8217;altra<\/strong><\/a>, consultabili nell&#8217;allegato presente in fondo a questa pagina.<\/p>\n\n\n\n<p>&#8212;&#8212;&#8212;&#8212;&#8212;&#8212;&#8212;&#8212;&#8212;&#8212;&#8212;<\/p>\n\n\n\n<p><em>Tutto quanto elencato pu\u00f2 essere modificato o integrato in base a emanazioni di nuove disposizioni.<\/em><\/p>\n\n\n\n<h2 class=\"wp-block-heading\">IN CASO DI ESCLUSIONE PERMANENTE<\/h2>\n\n\n\n<p>Se non puoi donare il sangue per ragioni sanitarie puoi dare comunque il tuo prezioso contributo come volontario, anche le idee sono indispensabili&#8230;come il sangue.<\/p>\n\n\n\n<p>Cosa puoi fare:<\/p>\n\n\n\n<ul><li>dare un po\u2019 del tuo tempo per fare attivit\u00e0 di volontariato presso le Associazioni dei Donatori;<\/li><li>promuovere e sostenere la donazione di sangue tra le persone che conosci;<\/li><li>partecipare alle attivit\u00e0 dei gruppi di donatori nel tuo territorio.<\/li><\/ul>\n","protected":false},"excerpt":{"rendered":"<p>Purtroppo non sempre si pu\u00f2 donare il sangue. Esistono alcune&nbsp;condizioni per cui non \u00e8 possibile donare(in alcuni casi per un periodo temporaneo, in altri casi in modo permanente). Questo \u00e8 previsto dalla legge per la tutela stessa del Donatore di Sangue ma anche per tutelare chi ricever\u00e0 il sangue donato. L&#8217;elenco che segue riporta&nbsp;le&nbsp;condizioni che [&hellip;]<\/p>\n","protected":false},"author":2,"featured_media":0,"parent":0,"menu_order":0,"comment_status":"closed","ping_status":"closed","template":"","meta":{"_mi_skip_tracking":false,"footnotes":""},"_links":{"self":[{"href":"https:\/\/www.fidastreviso.it\/b\/wp-json\/wp\/v2\/pages\/667"}],"collection":[{"href":"https:\/\/www.fidastreviso.it\/b\/wp-json\/wp\/v2\/pages"}],"about":[{"href":"https:\/\/www.fidastreviso.it\/b\/wp-json\/wp\/v2\/types\/page"}],"author":[{"embeddable":true,"href":"https:\/\/www.fidastreviso.it\/b\/wp-json\/wp\/v2\/users\/2"}],"replies":[{"embeddable":true,"href":"https:\/\/www.fidastreviso.it\/b\/wp-json\/wp\/v2\/comments?post=667"}],"version-history":[{"count":1,"href":"https:\/\/www.fidastreviso.it\/b\/wp-json\/wp\/v2\/pages\/667\/revisions"}],"predecessor-version":[{"id":669,"href":"https:\/\/www.fidastreviso.it\/b\/wp-json\/wp\/v2\/pages\/667\/revisions\/669"}],"wp:attachment":[{"href":"https:\/\/www.fidastreviso.it\/b\/wp-json\/wp\/v2\/media?parent=667"}],"curies":[{"name":"wp","href":"https:\/\/api.w.org\/{rel}","templated":true}]}}