{"id":85,"date":"2013-05-06T11:47:59","date_gmt":"2013-05-06T11:47:59","guid":{"rendered":"http:\/\/www.fidastreviso.it\/b\/?page_id=85"},"modified":"2025-09-09T16:47:09","modified_gmt":"2025-09-09T15:47:09","slug":"perche-donare","status":"publish","type":"page","link":"https:\/\/www.fidastreviso.it\/b\/perche-donare\/","title":{"rendered":"Perch\u00e8 donare"},"content":{"rendered":"<header>\n<h1>Perch\u00e9 donare<\/h1>\n<\/header>\n<div>\n<h2><strong>Perch\u00e9 donare il sangue?<\/strong><\/h2>\n<p>Il <strong>diritto alla vita<\/strong> ed alla <strong>tutela della salute<\/strong> sono princ\u00ecpi fondamentali di ogni societ\u00e0 civile: a garantirli sono impegnati uomini e scienza. In molti casi questa garanzia dipende dalla disponibilit\u00e0 di sangue umano o dei suoi componenti. L\u2019offerta per le persone sensibili, coscienti e solidali non pu\u00f2 essere che donazione. Il <strong>volontariato della donazione di sangue<\/strong> si qualifica fra tutte le forme di volontariato per la capacit\u00e0 di garantire con la propria disponibilit\u00e0 fisica l\u2019integrit\u00e0 fisica degli altri.<br \/>\nC\u2019\u00e8 chi dice che non vi sia nulla di pi\u00f9 bello di questo <strong>gesto spontaneo e generoso<\/strong>. S\u00ec, perch\u00e9 il donatore \u00e8 completamente <strong>disinteressato<\/strong>; non chiede neppure a chi andr\u00e0 il suo dono, conscio che, comunque, servir\u00e0 a <strong>ridare la vita<\/strong>, a restituire il sorriso di un bambino, alla gioia dei genitori.<\/p>\n<h2><strong>Diventa donatore<\/strong><\/h2>\n<p>Il sangue \u00e8 un <strong>elemento vitale<\/strong> che raggiunge tutte le cellule del corpo \u2028umano, portandovi ossigeno e nutrimento.<br \/>\nNumerosissime sono le persone che debbono la vita ad una o pi\u00f9 donazioni.<br \/>\nInfiniti sono i casi nei quali il sangue \u00e8 assolutamente necessario e \u2028determinante per la guarigione o la sopravvivenza dei pazienti (per \u2028esempio: i traumatizzati gravi, i grandi ustionati, i casi di incompatibilit\u00e0 \u2028materno-fetali, i microcitemici gravi e tanti, tanti altri).<br \/>\nIl sangue non pu\u00f2 essere sostituito con medicamenti o soluzioni fisiologiche n\u00e9, tantomeno, pu\u00f2 essere prodotto in laboratorio. Soltanto \u2028la generosit\u00e0 di tante persone riesce a salvare delle vite che, diversamente, sarebbero perdute.<br \/>\nServono 40.000 unit\u00e0 di sangue intero per ogni milione di abitanti.<br \/>\nIn totale sono necessarie circa 2.300.000 unit\u00e0 di sangue intero e 1.077.000 litri di plasma all\u2019anno perch\u00e9 il nostro Paese disponga di quanto occorre.<br \/>\nSe ogni persona in grado di donarlo contribuisse anche con una minima quantit\u00e0 di sangue in un anno, tutti i problemi sarebbero risolti.<\/p>\n<h2><strong>Donare il sangue: no rischi, s\u00ec vantaggi!<\/strong><\/h2>\n<p>Come gi\u00e0 specificato, i <strong>controlli<\/strong> sui donatori sono molto <strong>accurati<\/strong>, al fine di evitare prelievi a persone che non sono nelle migliori condizioni fisiche.<br \/>\nLa quantit\u00e0 di sangue che viene prelevata \u00e8 molto limitata e viene ricostituita in pochi giorni dall\u2019organismo.<br \/>\nInoltre, diventare un<strong> donatore periodico<\/strong> \u2013 cio\u00e8 sottoporsi a prelievo, almeno un paio di volte l\u2019anno \u2013 offre molti <strong>vantaggi<\/strong>, perch\u00e9\u2028il donatore ed il suo sangue vengono frequentemente controllati, offrendo l\u2019opportunit\u00e0\u2028di cogliere eventuali situazioni degne di attenzione fin dal loro insorgere.<br \/>\nAumentare il numero dei donatori periodici \u00e8 l\u2019unico sistema per evitare la speculazione o il rischio di contagio.<br \/>\nL\u2019unico modo per ottenere sangue, emoderivati (medicine salvavita realizzate col sangue) e trasfusioni sicure \u00e8 quello di raccoglierlo qui, nel nostro Paese, nel pieno rispetto della legge e della sicurezza, affidandosi alle associazioni di volontariato riconosciute e sostenute dal Ministero\u2028della Salute, cancellando cos\u00ec sia la donazione occasionale (di per s\u00e9 fonte di maggiori rischi infettivi) sia la dipendenza dall\u2019importazione che tuttora si mantiene per una quota rilevante del plasma occorrente.<\/p>\n<\/div>\n","protected":false},"excerpt":{"rendered":"<p>Perch\u00e9 donare Perch\u00e9 donare il sangue? Il diritto alla vita ed alla tutela della salute sono princ\u00ecpi fondamentali di ogni societ\u00e0 civile: a garantirli sono impegnati uomini e scienza. In molti casi questa garanzia dipende dalla disponibilit\u00e0 di sangue umano o dei suoi componenti. L\u2019offerta per le persone sensibili, coscienti e solidali non pu\u00f2 essere [&hellip;]<\/p>\n","protected":false},"author":1,"featured_media":0,"parent":0,"menu_order":0,"comment_status":"open","ping_status":"closed","template":"","meta":{"_mi_skip_tracking":false,"footnotes":""},"_links":{"self":[{"href":"https:\/\/www.fidastreviso.it\/b\/wp-json\/wp\/v2\/pages\/85"}],"collection":[{"href":"https:\/\/www.fidastreviso.it\/b\/wp-json\/wp\/v2\/pages"}],"about":[{"href":"https:\/\/www.fidastreviso.it\/b\/wp-json\/wp\/v2\/types\/page"}],"author":[{"embeddable":true,"href":"https:\/\/www.fidastreviso.it\/b\/wp-json\/wp\/v2\/users\/1"}],"replies":[{"embeddable":true,"href":"https:\/\/www.fidastreviso.it\/b\/wp-json\/wp\/v2\/comments?post=85"}],"version-history":[{"count":3,"href":"https:\/\/www.fidastreviso.it\/b\/wp-json\/wp\/v2\/pages\/85\/revisions"}],"predecessor-version":[{"id":1019,"href":"https:\/\/www.fidastreviso.it\/b\/wp-json\/wp\/v2\/pages\/85\/revisions\/1019"}],"wp:attachment":[{"href":"https:\/\/www.fidastreviso.it\/b\/wp-json\/wp\/v2\/media?parent=85"}],"curies":[{"name":"wp","href":"https:\/\/api.w.org\/{rel}","templated":true}]}}